{"id":735,"date":"2026-03-21T12:32:43","date_gmt":"2026-03-21T12:32:43","guid":{"rendered":"https:\/\/sjnbcasting.com\/?post_type=product&#038;p=735"},"modified":"2026-03-21T12:32:43","modified_gmt":"2026-03-21T12:32:43","slug":"heavy-duty-water-glass-casting-balancing-bracket","status":"publish","type":"product","link":"https:\/\/sjnbcasting.com\/de\/produkt\/heavy-duty-water-glass-casting-balancing-bracket\/","title":{"rendered":"Heavy-Duty Wasserglas Gie\u00dfen Auswuchten Halterung"},"content":{"rendered":"<p data-path-to-node=\"4\"><b data-path-to-node=\"4\" data-index-in-node=\"0\">Suijin Maschinenpark<\/b> ist einer der f\u00fchrenden Hersteller von <b data-path-to-node=\"4\" data-index-in-node=\"50\">Heavy-Duty Wasserglas Gie\u00dfen Auswuchten Halterung<\/b>, eine wichtige Strukturkomponente, die f\u00fcr stark beanspruchte industrielle Umgebungen entwickelt wurde. Wir nutzen die fortschrittliche Natriumsilikat-Feingusstechnologie (Wasserglas), um Halterungen herzustellen, die ein perfektes Gleichgewicht zwischen struktureller Integrit\u00e4t, Vibrationsfestigkeit und Kosteneffizienz bieten.<\/p>\n<p data-path-to-node=\"5\">Unser Werk in Ningbo ist <b data-path-to-node=\"5\" data-index-in-node=\"29\">ISO 9001 zertifiziert<\/b>, um sicherzustellen, dass jeder <b data-path-to-node=\"5\" data-index-in-node=\"69\">Wasserglas Guss Ausgleichsb\u00fcgel<\/b> erf\u00fcllt strenge internationale Normen f\u00fcr Lastverteilung und Haltbarkeit.<\/p>\n<h3 data-path-to-node=\"6\">Technische Daten<\/h3>\n<table data-path-to-node=\"7\">\n<thead>\n<tr>\n<td><strong>Merkmal<\/strong><\/td>\n<td><strong>Standard-Spezifikationen<\/strong><\/td>\n<\/tr>\n<\/thead>\n<tbody>\n<tr>\n<td><span data-path-to-node=\"7,1,0,0\"><b data-path-to-node=\"7,1,0,0\" data-index-in-node=\"0\">Prim\u00e4rer Prozess<\/b><\/span><\/td>\n<td><span data-path-to-node=\"7,1,1,0\">Wasserglas (Natriumsilikat) Feinguss<\/span><\/td>\n<\/tr>\n<tr>\n<td><span data-path-to-node=\"7,2,0,0\"><b data-path-to-node=\"7,2,0,0\" data-index-in-node=\"0\">Werkstoffklassen<\/b><\/span><\/td>\n<td><span data-path-to-node=\"7,2,1,0\">Kohlenstoffstahl, legierter Stahl, rostfreier Stahl (AISI 304\/316)<\/span><\/td>\n<\/tr>\n<tr>\n<td><span data-path-to-node=\"7,3,0,0\"><b data-path-to-node=\"7,3,0,0\" data-index-in-node=\"0\">Gewichtsbereich<\/b><\/span><\/td>\n<td><span data-path-to-node=\"7,3,1,0\">0,5kg - 50kg<\/span><\/td>\n<\/tr>\n<tr>\n<td><span data-path-to-node=\"7,4,0,0\"><b data-path-to-node=\"7,4,0,0\" data-index-in-node=\"0\">Abmessungen<\/b><\/span><\/td>\n<td><span data-path-to-node=\"7,4,1,0\">Bis zu 600mm x 400mm x 300mm<\/span><\/td>\n<\/tr>\n<tr>\n<td><span data-path-to-node=\"7,5,0,0\"><b data-path-to-node=\"7,5,0,0\" data-index-in-node=\"0\">Gusstoleranz<\/b><\/span><\/td>\n<td><span data-path-to-node=\"7,5,1,0\">\u00b10,5 mm (wie gegossen)<\/span><\/td>\n<\/tr>\n<tr>\n<td><span data-path-to-node=\"7,6,0,0\"><b data-path-to-node=\"7,6,0,0\" data-index-in-node=\"0\">Bearbeitungstoleranz<\/b><\/span><\/td>\n<td><span data-path-to-node=\"7,6,1,0\">\u00b10,2 mm (Pr\u00e4zisions-CNC-Bearbeitung)<\/span><\/td>\n<\/tr>\n<tr>\n<td><span data-path-to-node=\"7,7,0,0\"><b data-path-to-node=\"7,7,0,0\" data-index-in-node=\"0\">Oberfl\u00e4che<\/b><\/span><\/td>\n<td><span data-path-to-node=\"7,7,1,0\">Ra 6,3\u03bcm - 12,5\u03bcm (Guss); Ra 0,8\u03bcm (maschinell bearbeitet)<\/span><\/td>\n<\/tr>\n<tr>\n<td><span data-path-to-node=\"7,8,0,0\"><b data-path-to-node=\"7,8,0,0\" data-index-in-node=\"0\">Zugfestigkeit<\/b><\/span><\/td>\n<td><span data-path-to-node=\"7,8,1,0\">Bis zu 850 MPa<\/span><\/td>\n<\/tr>\n<tr>\n<td><span data-path-to-node=\"7,9,0,0\"><b data-path-to-node=\"7,9,0,0\" data-index-in-node=\"0\">Oberfl\u00e4chenbehandlung<\/b><\/span><\/td>\n<td><span data-path-to-node=\"7,9,1,0\">Verzinkung, Pulverbeschichtung, Lackierung oder Verzinkung<\/span><\/td>\n<\/tr>\n<\/tbody>\n<\/table>\n<hr data-path-to-node=\"8\" \/>\n<h3 data-path-to-node=\"9\">Technische Exzellenz und Leistung<\/h3>\n<p data-path-to-node=\"10\">Unser <b data-path-to-node=\"10\" data-index-in-node=\"4\">Wasserglas Guss Ausgleichsb\u00fcgel<\/b> ist darauf ausgelegt, dort zu bestehen, wo Standardkomponenten versagen. Durch die Kombination der Pr\u00e4zision des Feingusses mit hochwertigen metallurgischen Standards, <b data-path-to-node=\"10\" data-index-in-node=\"186\">Suijin Maschinenpark<\/b> liefert:<\/p>\n<ul data-path-to-node=\"11\">\n<li>\n<p data-path-to-node=\"11,0,0\"><b data-path-to-node=\"11,0,0\" data-index-in-node=\"0\">Hohe Tragf\u00e4higkeit:<\/b> Geeignet zur Aufnahme statischer Lasten von mehr als <b data-path-to-node=\"11,0,0\" data-index-in-node=\"65\">15.000 kg<\/b>.<\/p>\n<\/li>\n<li>\n<p data-path-to-node=\"11,1,0\"><b data-path-to-node=\"11,1,0\" data-index-in-node=\"0\">Feinmechanische Bearbeitung:<\/b> Alle Montagefl\u00e4chen und Schraubenl\u00f6cher sind nach <b data-path-to-node=\"11,1,0\" data-index-in-node=\"74\">H7\/h8-Normen<\/b> um eine nahtlose Montage zu gew\u00e4hrleisten.<\/p>\n<\/li>\n<li>\n<p data-path-to-node=\"11,2,0\"><b data-path-to-node=\"11,2,0\" data-index-in-node=\"0\">Erm\u00fcdungswiderstand:<\/b> Validiert durch Finite-Elemente-Analyse (FEA) f\u00fcr bis zu <b data-path-to-node=\"11,2,0\" data-index-in-node=\"74\">10\u2077 Lastwechsel<\/b>, Dadurch sind sie ideal f\u00fcr Maschinen mit hohen Vibrationen.<\/p>\n<\/li>\n<li>\n<p data-path-to-node=\"11,3,0\"><b data-path-to-node=\"11,3,0\" data-index-in-node=\"0\">Komplexe Geometrien:<\/b> Wir erreichen d\u00fcnnwandige Abschnitte (bis zu 3 mm) und komplizierte Formen, die das Gesamtgewicht der Ausr\u00fcstung reduzieren, ohne die Festigkeit zu beeintr\u00e4chtigen.<\/p>\n<\/li>\n<\/ul>\n<h3 data-path-to-node=\"12\">Industrielle Anwendungen<\/h3>\n<p data-path-to-node=\"13\">Als zuverl\u00e4ssiger OEM-Partner, <b data-path-to-node=\"13\" data-index-in-node=\"26\">Suijin Maschinenpark<\/b> liefert Ausgleichsb\u00fcgel f\u00fcr:<\/p>\n<ul data-path-to-node=\"14\">\n<li>\n<p data-path-to-node=\"14,0,0\"><b data-path-to-node=\"14,0,0\" data-index-in-node=\"0\">Konstruktion:<\/b> Gegengewichtssysteme f\u00fcr Kr\u00e4ne und Baggerstabilisatoren.<\/p>\n<\/li>\n<li>\n<p data-path-to-node=\"14,1,0\"><b data-path-to-node=\"14,1,0\" data-index-in-node=\"0\">Bergbau:<\/b> Brecherst\u00fctzen und Schwerlast-F\u00f6rderbandspanner.<\/p>\n<\/li>\n<li>\n<p data-path-to-node=\"14,2,0\"><b data-path-to-node=\"14,2,0\" data-index-in-node=\"0\">Landwirtschaft:<\/b> Halterungen f\u00fcr Erntemaschinen und Verst\u00e4rkungen des Pflugrahmens.<\/p>\n<\/li>\n<li>\n<p data-path-to-node=\"14,3,0\"><b data-path-to-node=\"14,3,0\" data-index-in-node=\"0\">Energie:<\/b> Gondeltr\u00e4ger f\u00fcr Windkraftanlagen und Strombefestigungen.<\/p>\n<\/li>\n<\/ul>\n<p><a href=\"https:\/\/sjnbcasting.com\/de\/\"><img loading=\"lazy\" decoding=\"async\" class=\"alignnone wp-image-737 size-full\" src=\"https:\/\/sjnbcasting.com\/wp-content\/uploads\/2026\/03\/Heavy-Duty-Water-Glass-Casting-Balancing-Bracket-2.webp\" alt=\"Heavy-Duty Water Glass Casting Balancing Bracket\" width=\"730\" height=\"730\" srcset=\"https:\/\/sjnbcasting.com\/wp-content\/uploads\/2026\/03\/Heavy-Duty-Water-Glass-Casting-Balancing-Bracket-2.webp 730w, https:\/\/sjnbcasting.com\/wp-content\/uploads\/2026\/03\/Heavy-Duty-Water-Glass-Casting-Balancing-Bracket-2-480x480.webp 480w\" sizes=\"(min-width: 0px) and (max-width: 480px) 480px, (min-width: 481px) 730px, 100vw\" \/><\/a><\/p>\n<hr data-path-to-node=\"15\" \/>\n<h3 data-path-to-node=\"16\">Warum von Suijin Machinery beziehen?<\/h3>\n<p data-path-to-node=\"17\">W\u00e4hlen Sie <b data-path-to-node=\"17\" data-index-in-node=\"9\">Suijin Maschinenpark<\/b> f\u00fcr Ihre <b data-path-to-node=\"17\" data-index-in-node=\"35\">Wasserglas Guss Ausgleichsb\u00fcgel<\/b> bedeutet eine Partnerschaft mit einem Direktlieferanten im industriellen Zentrum von Ningbo.<\/p>\n<ol start=\"1\" data-path-to-node=\"18\">\n<li>\n<p data-path-to-node=\"18,0,0\"><b data-path-to-node=\"18,0,0\" data-index-in-node=\"0\">Integrierte Produktion:<\/b> Wir erledigen alles im Haus - vom Gie\u00dfen und der W\u00e4rmebehandlung (Gl\u00fchen\/Abschrecken) bis zur 5-Achsen-CNC-Bearbeitung.<\/p>\n<\/li>\n<li>\n<p data-path-to-node=\"18,1,0\"><b data-path-to-node=\"18,1,0\" data-index-in-node=\"0\">Rapid Prototyping:<\/b> Mithilfe von 3D-gedruckten Wachsmodellen k\u00f6nnen wir funktionale Muster innerhalb von <b data-path-to-node=\"18,1,0\" data-index-in-node=\"95\">15 Tage<\/b>.<\/p>\n<\/li>\n<li>\n<p data-path-to-node=\"18,2,0\"><b data-path-to-node=\"18,2,0\" data-index-in-node=\"0\">Strenge Qualit\u00e4tskontrolle:<\/b> 100% CMM-Ma\u00dfpr\u00fcfung, Spektrografische Materialanalyse und <b data-path-to-node=\"18,2,0\" data-index-in-node=\"95\">EN 10204 Typ 3.1 Zertifizierung<\/b>.<\/p>\n<\/li>\n<li>\n<p data-path-to-node=\"18,3,0\"><b data-path-to-node=\"18,3,0\" data-index-in-node=\"0\">Globale Logistik:<\/b> G\u00fcnstige Lage in der N\u00e4he der H\u00e4fen von Ningbo und Shanghai f\u00fcr einen effizienten weltweiten Versand.<\/p>\n<\/li>\n<\/ol>\n<hr data-path-to-node=\"19\" \/>\n<h3 data-path-to-node=\"20\">Standards f\u00fcr die Qualit\u00e4tssicherung<\/h3>\n<p data-path-to-node=\"21\">Jede Charge unserer <b data-path-to-node=\"21\" data-index-in-node=\"18\">Wasserglas-Guss-Ausgleichsb\u00fcgel<\/b> wird einem strengen Pr\u00fcfprotokoll unterzogen:<\/p>\n<ul data-path-to-node=\"22\">\n<li>\n<p data-path-to-node=\"22,0,0\"><b data-path-to-node=\"22,0,0\" data-index-in-node=\"0\">Ultraschall- und R\u00f6ntgenpr\u00fcfung:<\/b> Um sicherzustellen, dass keine innere Porosit\u00e4t vorliegt.<\/p>\n<\/li>\n<li>\n<p id=\"p-rc_42489ee0290e6977-45\" data-path-to-node=\"22,1,0\"><b data-path-to-node=\"22,1,0\" data-index-in-node=\"0\"><span class=\"citation-36\">Magnetische Partikelpr\u00fcfung (MPI):<\/span><\/b><span class=\"citation-36 citation-end-36\"> Zur Erkennung von Mikrorissen in der Oberfl\u00e4che.<\/span><\/p>\n<\/li>\n<li>\n<p data-path-to-node=\"22,2,0\"><b data-path-to-node=\"22,2,0\" data-index-in-node=\"0\">Salzspr\u00fchnebeltest:<\/b> 240+ Stunden zur \u00dcberpr\u00fcfung der Korrosionsbest\u00e4ndigkeit bei Au\u00dfenanwendungen.<\/p>\n<\/li>\n<\/ul>\n<hr data-path-to-node=\"23\" \/>\n<h3 data-path-to-node=\"24\">H\u00e4ufig gestellte Fragen (FAQ)<\/h3>\n<p data-path-to-node=\"25\"><b data-path-to-node=\"25\" data-index-in-node=\"0\">Wie hoch ist das MOQ f\u00fcr eine kundenspezifische Auswuchtkonsole?<\/b><\/p>\n<p data-path-to-node=\"25\">Unter <b data-path-to-node=\"25\" data-index-in-node=\"51\">Suijin Maschinenpark<\/b>, Unser MOQ beginnt normalerweise bei <b data-path-to-node=\"25\" data-index-in-node=\"97\">100 St\u00fcck<\/b>, Wir unterst\u00fctzen jedoch auch kleinere Auflagen f\u00fcr spezielle Industrieprojekte.<\/p>\n<p id=\"p-rc_42489ee0290e6977-46\" data-path-to-node=\"26\"><b data-path-to-node=\"26\" data-index-in-node=\"0\">K\u00f6nnen Sie mit vorhandenen Mustern arbeiten?<\/b><\/p>\n<p id=\"p-rc_42489ee0290e6977-46\" data-path-to-node=\"26\">Ja. <span class=\"citation-35\">Unser Ingenieurteam bietet umfassende <\/span><b data-path-to-node=\"26\" data-index-in-node=\"85\"><span class=\"citation-35\">Reverse-Engineering-Dienste<\/span><\/b><span class=\"citation-35 citation-end-35\"> und DFM-Analysen (Design for Manufacturing) zur Optimierung Ihrer Teile f\u00fcr den Wasserglasgussprozess<\/span><\/p>","protected":false},"excerpt":{"rendered":"<p>Als kritische Strukturkomponente wurde diese hochbelastbare Wasserglas-Guss-Auswuchtkonsole sorgf\u00e4ltig entwickelt, um den hohen Belastungen in industriellen Umgebungen standzuhalten. Unsere Halterungen nutzen die fortschrittliche Natriumsilikat-Feingusstechnologie (Wasserglas) und bieten ein perfektes Gleichgewicht zwischen struktureller Integrit\u00e4t, Vibrationsfestigkeit und Kosteneffizienz.<\/p>","protected":false},"featured_media":739,"template":"","meta":{"_et_pb_use_builder":"","_et_pb_old_content":"","_et_gb_content_width":"","_monsterinsights_skip_tracking":false,"_monsterinsights_sitenote_active":false,"_monsterinsights_sitenote_note":"","_monsterinsights_sitenote_category":0},"product_brand":[],"product_cat":[35],"product_tag":[],"class_list":{"0":"post-735","1":"product","2":"type-product","3":"status-publish","4":"has-post-thumbnail","6":"product_cat-construction","8":"first","9":"instock","10":"shipping-taxable","11":"product-type-simple"},"jetpack_sharing_enabled":true,"_links":{"self":[{"href":"https:\/\/sjnbcasting.com\/de\/wp-json\/wp\/v2\/product\/735","targetHints":{"allow":["GET"]}}],"collection":[{"href":"https:\/\/sjnbcasting.com\/de\/wp-json\/wp\/v2\/product"}],"about":[{"href":"https:\/\/sjnbcasting.com\/de\/wp-json\/wp\/v2\/types\/product"}],"wp:featuredmedia":[{"embeddable":true,"href":"https:\/\/sjnbcasting.com\/de\/wp-json\/wp\/v2\/media\/739"}],"wp:attachment":[{"href":"https:\/\/sjnbcasting.com\/de\/wp-json\/wp\/v2\/media?parent=735"}],"wp:term":[{"taxonomy":"product_brand","embeddable":true,"href":"https:\/\/sjnbcasting.com\/de\/wp-json\/wp\/v2\/product_brand?post=735"},{"taxonomy":"product_cat","embeddable":true,"href":"https:\/\/sjnbcasting.com\/de\/wp-json\/wp\/v2\/product_cat?post=735"},{"taxonomy":"product_tag","embeddable":true,"href":"https:\/\/sjnbcasting.com\/de\/wp-json\/wp\/v2\/product_tag?post=735"}],"curies":[{"name":"wp","href":"https:\/\/api.w.org\/{rel}","templated":true}]}}