{"id":286,"date":"2025-08-30T14:55:50","date_gmt":"2025-08-30T14:55:50","guid":{"rendered":"https:\/\/sjnbcasting.com\/?post_type=product&#038;p=286"},"modified":"2026-03-21T12:13:15","modified_gmt":"2026-03-21T12:13:15","slug":"316-stainless-steel-oval-drain-plug","status":"publish","type":"product","link":"https:\/\/sjnbcasting.com\/de\/produkt\/316-stainless-steel-oval-drain-plug\/","title":{"rendered":"316 Edelstahl Marine Hardware Boot Kajak Deck Oval Drain Plug"},"content":{"rendered":"<h2><span style=\"color: #000000;\">Oval Drain Plug Marine 316 Edelstahl Drain Plug Boot Riegel Drain Plug Guss<\/span><\/h2>\n<p><span style=\"color: #000000;\">Die\u00a0<strong>Boot oval Ablassschraube Guss<\/strong>\u00a0ist einfach zu installieren, das R\u00fcckhaltesystem verhindert, dass der Stecker verloren geht.<\/span> \u00a0 <span style=\"color: #000000;\">Der Ablassstopfen f\u00fcr Boote ist aus rostfreiem 316er Edelstahl gefertigt und langlebig.<\/span> <span style=\"color: #000000;\">Ablassstopfen f\u00fcr Boote, Yachten, Fischtanks, Eisk\u00e4sten und vieles mehr.<\/span> <span style=\"color: #000000;\">Ablassstopfen aus Edelstahl f\u00fcr die Bilgenentw\u00e4sserung beim Herausholen. Das R\u00fcckhaltesystem verhindert, dass der Stopfen verloren geht.<\/span> <span style=\"color: #000000;\">Der Ablassstopfen passt in ein 1-3\/16-Zoll-Loch im Rumpf und l\u00e4sst sich leicht installieren, inklusive Montageschrauben.<\/span> <span style=\"color: #000000;\">Bearbeitete konische Rohrgewinde und O-Ring sorgen f\u00fcr einen wasserdichten Sitz. Kann sich bei Vibrationen nicht l\u00f6sen.<\/span><\/p>\n<div class=\"J_module\">\n<div class=\"ife-detail-decorate-table\">\n<div class=\"J_module\">\n<div id=\"ali-anchor-AliMagic-gh77b7\" class=\"magic-0\" data-section=\"AliMagic-gh77b7\" data-section-title=\"Specification\">\n<div class=\"J_module\">\n<h2 id=\"ali-anchor-AliMagic-hhx8j2\" class=\"magic-0\" data-section=\"AliMagic-hhx8j2\" data-section-title=\"Specification\"><span style=\"color: #000000;\">Spezifikation<\/span><\/h2>\n<div data-section=\"AliMagic-hhx8j2\" data-section-title=\"Specification\"><\/div>\n<\/div>\n<div class=\"J_module\">\n<div class=\"ife-detail-decorate-table\">\n<table class=\"has-title all magic-4\" border=\"1\" cellspacing=\"0\" cellpadding=\"0\">\n<tbody>\n<tr>\n<td colspan=\"1\" rowspan=\"1\">\n<div class=\"magic-5\"><span style=\"color: #000000;\">Produktname<\/span><\/div>\n<\/td>\n<td colspan=\"1\" rowspan=\"1\">\n<div class=\"magic-6\"><span style=\"color: #000000;\">Guss Bootsk\u00f6rper<\/span><\/div>\n<\/td>\n<\/tr>\n<tr>\n<td colspan=\"1\" rowspan=\"1\">\n<div class=\"magic-5\"><span style=\"color: #000000;\">Verarbeitet<\/span><\/div>\n<\/td>\n<td colspan=\"1\" rowspan=\"1\">\n<div class=\"magic-6\"><span style=\"color: #000000;\">Silizium-Guss und -Bearbeitung<\/span><\/div>\n<\/td>\n<\/tr>\n<tr>\n<td colspan=\"1\" rowspan=\"1\">\n<div class=\"magic-5\"><span style=\"color: #000000;\">Material<\/span><\/div>\n<\/td>\n<td colspan=\"1\" rowspan=\"1\">\n<div class=\"magic-6\"><span style=\"color: #000000;\">rostfreier Stahl<\/span><\/div>\n<\/td>\n<\/tr>\n<tr>\n<td colspan=\"1\" rowspan=\"1\">\n<div class=\"magic-5\"><span style=\"color: #000000;\">Gewicht<\/span><\/div>\n<\/td>\n<td colspan=\"1\" rowspan=\"1\">\n<div class=\"magic-6\"><span style=\"color: #000000;\">0,052-0,297 kg<\/span><\/div>\n<\/td>\n<\/tr>\n<tr>\n<td colspan=\"1\" rowspan=\"1\">\n<div class=\"magic-5\"><span style=\"color: #000000;\">Anmeldung<\/span><\/div>\n<\/td>\n<td colspan=\"1\" rowspan=\"1\">\n<div class=\"magic-6\"><span style=\"color: #000000;\">Schiffsteile<\/span><\/div>\n<\/td>\n<\/tr>\n<tr>\n<td colspan=\"1\" rowspan=\"1\">\n<div class=\"magic-5\"><span style=\"color: #000000;\">Gusstoleranz<\/span><\/div>\n<\/td>\n<td colspan=\"1\" rowspan=\"1\">\n<div class=\"magic-6\"><span style=\"color: #000000;\">Feinguss ISO 8062-3 DCTG 5<\/span><\/div>\n<\/td>\n<\/tr>\n<tr>\n<td colspan=\"1\" rowspan=\"1\">\n<div class=\"magic-5\"><span style=\"color: #000000;\">Guss Oberfl\u00e4chenbeschaffenheit<\/span><\/div>\n<\/td>\n<td colspan=\"1\" rowspan=\"1\">\n<div class=\"magic-6\"><span style=\"color: #000000;\">Ra3.2 um<\/span><\/div>\n<\/td>\n<\/tr>\n<tr>\n<td colspan=\"1\" rowspan=\"1\">\n<div class=\"magic-5\"><span style=\"color: #000000;\">Oberfl\u00e4chenbehandlung<\/span><\/div>\n<\/td>\n<td colspan=\"1\" rowspan=\"1\">\n<div class=\"magic-6\"><span style=\"color: #000000;\">Keine<\/span><\/div>\n<\/td>\n<\/tr>\n<tr>\n<td colspan=\"1\" rowspan=\"1\">\n<div class=\"magic-5\"><span style=\"color: #000000;\">W\u00e4rmebehandlung<\/span><\/div>\n<\/td>\n<td colspan=\"1\" rowspan=\"1\">\n<div class=\"magic-6\"><span style=\"color: #000000;\">Keine<\/span><\/div>\n<\/td>\n<\/tr>\n<\/tbody>\n<\/table>\n<\/div>\n<\/div>\n<p><a href=\"https:\/\/sjnbcasting.com\/de\/\"><img loading=\"lazy\" decoding=\"async\" class=\"alignnone wp-image-732 size-full\" src=\"https:\/\/sjnbcasting.com\/wp-content\/uploads\/2025\/08\/316-Stainless-Steel-Marine-Hardware-Boat-Kayak-Deck-Oval-Drain-Plug-5-1.jpg\" alt=\"316 Stainless Steel Marine Hardware Boat Kayak Deck Oval Drain Plug\" width=\"800\" height=\"800\" srcset=\"https:\/\/sjnbcasting.com\/wp-content\/uploads\/2025\/08\/316-Stainless-Steel-Marine-Hardware-Boat-Kayak-Deck-Oval-Drain-Plug-5-1.jpg 800w, https:\/\/sjnbcasting.com\/wp-content\/uploads\/2025\/08\/316-Stainless-Steel-Marine-Hardware-Boat-Kayak-Deck-Oval-Drain-Plug-5-1-480x480.jpg 480w\" sizes=\"(min-width: 0px) and (max-width: 480px) 480px, (min-width: 481px) 800px, 100vw\" \/><\/a><\/p>\n<p><span style=\"color: #000000;\">Ningbo Suijin konzentriert sich auf die Entwicklung, Konstruktion und Herstellung von Pr\u00e4zisions-Feingussteilen. Es kann verschiedene Druckgussteile aus Aluminiumlegierungen, Zinklegierungen, Pr\u00e4zisionsdruckgussteile, Pr\u00e4zisionsdruckgussformen aus Aluminiumlegierungen, Pr\u00e4zisionsdruckgussformen aus Zinklegierungen und Pr\u00e4zisionsdruckgussteile aus Magnesiumlegierungen nach Kundenwunsch herstellen. Formen, Zinklegierung Smart Lock Schalen, elektronische Zigaretten Zubeh\u00f6r, Kommunikation 3C elektronische Produktteile, Elektromotoren und elektromechanische Ger\u00e4te Zubeh\u00f6r, LED-Beleuchtung Zubeh\u00f6r, M\u00f6bel Zubeh\u00f6r, Sicherheit Serie Zubeh\u00f6r, Haushaltsger\u00e4te Zubeh\u00f6r, Bad Metall Zubeh\u00f6r, Kunsthandwerk und andere Produkte.<\/span><\/p>\n<\/div>\n<\/div>\n<\/div>\n<\/div>","protected":false},"excerpt":{"rendered":"<p><span style=\"color: #000000;\">Die ovalen Ablassstopfen aus Edelstahl f\u00fcr die Schifffahrt eignen sich f\u00fcr Hecks, Yachten, Fischteiche, Eisk\u00e4sten usw.<\/span><\/p>","protected":false},"featured_media":732,"template":"","meta":{"_et_pb_use_builder":"off","_et_pb_old_content":"<h2><span style=\"color: #000000\">Oval Drain Plug Marine 316 Stainless Steel Drain Plug Boat Transoms Drain Plug Casting<\/span><\/h2>\r\n\u00a0\r\n\r\n<span style=\"color: #000000\">The\u00a0<strong>Boat oval drain plug casting<\/strong>\u00a0is easy installation,retention system keeps plug from getting lost.<\/span>\r\n\r\n\u00a0\r\n\r\n<span style=\"color: #000000\">The marine boat drain plug made of marine grade 316 stainless steel, durable construction.<\/span>\r\n<span style=\"color: #000000\">Marine drain plug is used for boat transoms, yacht,fish wells, ice chests and more.<\/span>\r\n<span style=\"color: #000000\">Stainless steel marine drain plug provides bilge drainage upon haul out. Retention system keeps plug from getting lost.<\/span>\r\n<span style=\"color: #000000\">Drain plug fit 1-3\/16 inch hole in hull, easy installation, include installation screws.<\/span>\r\n<span style=\"color: #000000\">Machined tapered pipe threads and O ring ensure a water tight fit. Will not jar loose under vibration.<\/span>\r\n\r\n<a href=\"https:\/\/sjnbcasting.com\/wp-content\/uploads\/2025\/08\/316-Stainless-Steel-Marine-Hardware-Boat-Kayak-Deck-Oval-Drain-Plug-3.jpg\"><img class=\"alignnone wp-image-288 size-full\" src=\"https:\/\/sjnbcasting.com\/wp-content\/uploads\/2025\/08\/316-Stainless-Steel-Marine-Hardware-Boat-Kayak-Deck-Oval-Drain-Plug-3.jpg\" alt=\"316 Stainless Steel Marine Hardware Boat Kayak Deck Oval Drain Plug\" width=\"800\" height=\"800\" \/><\/a>\r\n\r\n\u00a0\r\n<div class=\"J_module\">\r\n<div class=\"ife-detail-decorate-table\">\r\n<div class=\"J_module\">\r\n<div id=\"ali-anchor-AliMagic-gh77b7\" class=\"magic-0\" data-section=\"AliMagic-gh77b7\" data-section-title=\"Specification\">\r\n<div class=\"J_module\">\r\n<h2 id=\"ali-anchor-AliMagic-hhx8j2\" class=\"magic-0\" data-section=\"AliMagic-hhx8j2\" data-section-title=\"Specification\"><span style=\"color: #000000\">Specification<\/span><\/h2>\r\n<div data-section=\"AliMagic-hhx8j2\" data-section-title=\"Specification\"><\/div>\r\n<\/div>\r\n<div class=\"J_module\">\r\n<div class=\"ife-detail-decorate-table\">\r\n<table class=\"has-title all magic-4\" border=\"1\" cellspacing=\"0\" cellpadding=\"0\">\r\n<tbody>\r\n<tr>\r\n<td colspan=\"1\" rowspan=\"1\">\r\n<div class=\"magic-5\"><span style=\"color: #000000\">Product Name<\/span><\/div><\/td>\r\n<td colspan=\"1\" rowspan=\"1\">\r\n<div class=\"magic-6\"><span style=\"color: #000000\">casting Boat body<\/span><\/div><\/td>\r\n<\/tr>\r\n<tr>\r\n<td colspan=\"1\" rowspan=\"1\">\r\n<div class=\"magic-5\"><span style=\"color: #000000\">Processed<\/span><\/div><\/td>\r\n<td colspan=\"1\" rowspan=\"1\">\r\n<div class=\"magic-6\"><span style=\"color: #000000\">Silicon Casting and Machining<\/span><\/div><\/td>\r\n<\/tr>\r\n<tr>\r\n<td colspan=\"1\" rowspan=\"1\">\r\n<div class=\"magic-5\"><span style=\"color: #000000\">Material<\/span><\/div><\/td>\r\n<td colspan=\"1\" rowspan=\"1\">\r\n<div class=\"magic-6\"><span style=\"color: #000000\">stainless steel<\/span><\/div><\/td>\r\n<\/tr>\r\n<tr>\r\n<td colspan=\"1\" rowspan=\"1\">\r\n<div class=\"magic-5\"><span style=\"color: #000000\">Weight<\/span><\/div><\/td>\r\n<td colspan=\"1\" rowspan=\"1\">\r\n<div class=\"magic-6\"><span style=\"color: #000000\">0.052-0.297 kg<\/span><\/div><\/td>\r\n<\/tr>\r\n<tr>\r\n<td colspan=\"1\" rowspan=\"1\">\r\n<div class=\"magic-5\"><span style=\"color: #000000\">Application<\/span><\/div><\/td>\r\n<td colspan=\"1\" rowspan=\"1\">\r\n<div class=\"magic-6\"><span style=\"color: #000000\">Marine parts<\/span><\/div><\/td>\r\n<\/tr>\r\n<tr>\r\n<td colspan=\"1\" rowspan=\"1\">\r\n<div class=\"magic-5\"><span style=\"color: #000000\">Casting tolerance<\/span><\/div><\/td>\r\n<td colspan=\"1\" rowspan=\"1\">\r\n<div class=\"magic-6\"><span style=\"color: #000000\">Investment casting ISO 8062-3 DCTG 5<\/span><\/div><\/td>\r\n<\/tr>\r\n<tr>\r\n<td colspan=\"1\" rowspan=\"1\">\r\n<div class=\"magic-5\"><span style=\"color: #000000\">Casting Surface condition<\/span><\/div><\/td>\r\n<td colspan=\"1\" rowspan=\"1\">\r\n<div class=\"magic-6\"><span style=\"color: #000000\">Ra3.2 um<\/span><\/div><\/td>\r\n<\/tr>\r\n<tr>\r\n<td colspan=\"1\" rowspan=\"1\">\r\n<div class=\"magic-5\"><span style=\"color: #000000\">Surface treatment<\/span><\/div><\/td>\r\n<td colspan=\"1\" rowspan=\"1\">\r\n<div class=\"magic-6\"><span style=\"color: #000000\">None<\/span><\/div><\/td>\r\n<\/tr>\r\n<tr>\r\n<td colspan=\"1\" rowspan=\"1\">\r\n<div class=\"magic-5\"><span style=\"color: #000000\">Heat treatment<\/span><\/div><\/td>\r\n<td colspan=\"1\" rowspan=\"1\">\r\n<div class=\"magic-6\"><span style=\"color: #000000\">None<\/span><\/div><\/td>\r\n<\/tr>\r\n<\/tbody>\r\n<\/table>\r\n<\/div>\r\n<\/div>\r\n<img class=\"alignnone wp-image-287 size-full\" src=\"https:\/\/sjnbcasting.com\/wp-content\/uploads\/2025\/08\/316-Stainless-Steel-Marine-Hardware-Boat-Kayak-Deck-Oval-Drain-Plug-1.jpg\" alt=\"316 Stainless Steel Marine Hardware Boat Kayak Deck Oval Drain Plug\" width=\"800\" height=\"800\" \/>\r\n\r\n<span style=\"color: #000000\">Ningbo Suijin focuses on the development, design and manufacture of precision investment castings. It can manufacture various aluminum alloy die castings, zinc alloy die castings, precision die castings, precision aluminum alloy die casting molds, precision zinc alloy die casting molds, and precision magnesium alloy die castings according to customer needs. Moulds, zinc alloy smart lock shells, electronic cigarette accessories, communication 3C electronic product parts, electrical motors and electromechanical equipment accessories, LED lighting accessories, furniture accessories, security series accessories, household appliances accessories, bathroom metal accessories, handicrafts and other products.<\/span>\r\n\r\n<\/div>\r\n<\/div>\r\n<\/div>\r\n<\/div>","_et_gb_content_width":"","_monsterinsights_skip_tracking":false,"_monsterinsights_sitenote_active":false,"_monsterinsights_sitenote_note":"","_monsterinsights_sitenote_category":0},"product_brand":[],"product_cat":[22],"product_tag":[],"class_list":{"0":"post-286","1":"product","2":"type-product","3":"status-publish","4":"has-post-thumbnail","6":"product_cat-marine-castings","8":"first","9":"instock","10":"shipping-taxable","11":"product-type-simple"},"jetpack_sharing_enabled":true,"_links":{"self":[{"href":"https:\/\/sjnbcasting.com\/de\/wp-json\/wp\/v2\/product\/286","targetHints":{"allow":["GET"]}}],"collection":[{"href":"https:\/\/sjnbcasting.com\/de\/wp-json\/wp\/v2\/product"}],"about":[{"href":"https:\/\/sjnbcasting.com\/de\/wp-json\/wp\/v2\/types\/product"}],"wp:featuredmedia":[{"embeddable":true,"href":"https:\/\/sjnbcasting.com\/de\/wp-json\/wp\/v2\/media\/732"}],"wp:attachment":[{"href":"https:\/\/sjnbcasting.com\/de\/wp-json\/wp\/v2\/media?parent=286"}],"wp:term":[{"taxonomy":"product_brand","embeddable":true,"href":"https:\/\/sjnbcasting.com\/de\/wp-json\/wp\/v2\/product_brand?post=286"},{"taxonomy":"product_cat","embeddable":true,"href":"https:\/\/sjnbcasting.com\/de\/wp-json\/wp\/v2\/product_cat?post=286"},{"taxonomy":"product_tag","embeddable":true,"href":"https:\/\/sjnbcasting.com\/de\/wp-json\/wp\/v2\/product_tag?post=286"}],"curies":[{"name":"wp","href":"https:\/\/api.w.org\/{rel}","templated":true}]}}